{"id":1591,"date":"2021-03-17T08:21:23","date_gmt":"2021-03-17T07:21:23","guid":{"rendered":"https:\/\/aestheticroom.it\/contatti\/"},"modified":"2025-08-23T14:07:08","modified_gmt":"2025-08-23T12:07:08","slug":"contatti","status":"publish","type":"page","link":"https:\/\/aestheticroom.it\/it\/contatti\/","title":{"rendered":"Contatto"},"content":{"rendered":"\t\t<div data-elementor-type=\"wp-page\" data-elementor-id=\"1591\" class=\"elementor elementor-1591 elementor-157\" data-elementor-post-type=\"page\">\n\t\t\t\t\t\t<section class=\"elementor-section elementor-top-section elementor-element elementor-element-3de8fd5 elementor-section-boxed elementor-section-height-default elementor-section-height-default\" data-id=\"3de8fd5\" data-element_type=\"section\" data-e-type=\"section\" data-settings=\"{&quot;background_background&quot;:&quot;classic&quot;}\">\n\t\t\t\t\t\t<div class=\"elementor-container elementor-column-gap-no\">\n\t\t\t\t\t<div class=\"elementor-column elementor-col-100 elementor-top-column elementor-element elementor-element-df7300e\" data-id=\"df7300e\" data-element_type=\"column\" data-e-type=\"column\">\n\t\t\t<div class=\"elementor-widget-wrap\">\n\t\t\t\t\t\t\t<\/div>\n\t\t<\/div>\n\t\t\t\t\t<\/div>\n\t\t<\/section>\n\t\t\t\t<section class=\"elementor-section elementor-top-section elementor-element elementor-element-43fc622 elementor-section-boxed elementor-section-height-default elementor-section-height-default\" data-id=\"43fc622\" data-element_type=\"section\" data-e-type=\"section\">\n\t\t\t\t\t\t<div class=\"elementor-container elementor-column-gap-no\">\n\t\t\t\t\t<div class=\"elementor-column elementor-col-50 elementor-top-column elementor-element elementor-element-6cb3c2e\" data-id=\"6cb3c2e\" data-element_type=\"column\" data-e-type=\"column\">\n\t\t\t<div class=\"elementor-widget-wrap elementor-element-populated\">\n\t\t\t\t\t\t<div class=\"elementor-element elementor-element-65f6cdb elementor-widget elementor-widget-heading\" data-id=\"65f6cdb\" data-element_type=\"widget\" data-e-type=\"widget\" data-widget_type=\"heading.default\">\n\t\t\t\t<div class=\"elementor-widget-container\">\n\t\t\t\t\t<h1 class=\"elementor-heading-title elementor-size-default\">Contatto<\/h1>\t\t\t\t<\/div>\n\t\t\t\t<\/div>\n\t\t\t\t<div class=\"elementor-element elementor-element-1b0dde0 elementor-widget-divider--view-line elementor-widget elementor-widget-divider\" data-id=\"1b0dde0\" data-element_type=\"widget\" data-e-type=\"widget\" data-widget_type=\"divider.default\">\n\t\t\t\t<div class=\"elementor-widget-container\">\n\t\t\t\t\t\t\t<div class=\"elementor-divider\">\n\t\t\t<span class=\"elementor-divider-separator\">\n\t\t\t\t\t\t<\/span>\n\t\t<\/div>\n\t\t\t\t\t\t<\/div>\n\t\t\t\t<\/div>\n\t\t\t\t<div class=\"elementor-element elementor-element-8bf6af0 elementor-widget elementor-widget-text-editor\" data-id=\"8bf6af0\" data-element_type=\"widget\" data-e-type=\"widget\" data-widget_type=\"text-editor.default\">\n\t\t\t\t<div class=\"elementor-widget-container\">\n\t\t\t\t\t\t\t\t\t<p>Puoi inviarmi una richiesta di contatto in qualsiasi momento; risponder\u00f2 alla tua richiesta dal luned\u00ec al venerd\u00ec tra le 8:00 e le 18:00.<\/p>\t\t\t\t\t\t\t\t<\/div>\n\t\t\t\t<\/div>\n\t\t\t\t<div class=\"elementor-element elementor-element-d42f6e8 elementor-widget elementor-widget-heading\" data-id=\"d42f6e8\" data-element_type=\"widget\" data-e-type=\"widget\" data-widget_type=\"heading.default\">\n\t\t\t\t<div class=\"elementor-widget-container\">\n\t\t\t\t\t<h3 class=\"elementor-heading-title elementor-size-default\">Segui Aesthetic Room sui social media<\/h3>\t\t\t\t<\/div>\n\t\t\t\t<\/div>\n\t\t\t\t<div class=\"elementor-element elementor-element-5981ecc e-grid-align-left elementor-shape-rounded elementor-grid-0 elementor-widget elementor-widget-social-icons\" data-id=\"5981ecc\" data-element_type=\"widget\" data-e-type=\"widget\" data-widget_type=\"social-icons.default\">\n\t\t\t\t<div class=\"elementor-widget-container\">\n\t\t\t\t\t\t\t<div class=\"elementor-social-icons-wrapper elementor-grid\" role=\"list\">\n\t\t\t\t\t\t\t<span class=\"elementor-grid-item\" role=\"listitem\">\n\t\t\t\t\t<a class=\"elementor-icon elementor-social-icon elementor-social-icon-facebook-f elementor-repeater-item-def717a\" href=\"http:\/\/www.facebook.com\/evelyn.gander\/\" target=\"_blank\">\n\t\t\t\t\t\t<span class=\"elementor-screen-only\">Facebook-f<\/span>\n\t\t\t\t\t\t<i aria-hidden=\"true\" class=\"fab fa-facebook-f\"><\/i>\t\t\t\t\t<\/a>\n\t\t\t\t<\/span>\n\t\t\t\t\t\t\t<span class=\"elementor-grid-item\" role=\"listitem\">\n\t\t\t\t\t<a class=\"elementor-icon elementor-social-icon elementor-social-icon-instagram elementor-repeater-item-348a056\" href=\"http:\/\/www.instagram.com\/evelyn.gander\/\" target=\"_blank\">\n\t\t\t\t\t\t<span class=\"elementor-screen-only\">Instagram<\/span>\n\t\t\t\t\t\t<i aria-hidden=\"true\" class=\"fab fa-instagram\"><\/i>\t\t\t\t\t<\/a>\n\t\t\t\t<\/span>\n\t\t\t\t\t<\/div>\n\t\t\t\t\t\t<\/div>\n\t\t\t\t<\/div>\n\t\t\t\t\t<\/div>\n\t\t<\/div>\n\t\t\t\t<div class=\"elementor-column elementor-col-50 elementor-top-column elementor-element elementor-element-24610d3\" data-id=\"24610d3\" data-element_type=\"column\" data-e-type=\"column\">\n\t\t\t<div class=\"elementor-widget-wrap elementor-element-populated\">\n\t\t\t\t\t\t<div class=\"elementor-element elementor-element-930ae4a elementor-button-align-stretch elementor-widget elementor-widget-form\" data-id=\"930ae4a\" data-element_type=\"widget\" data-e-type=\"widget\" data-settings=\"{&quot;button_width&quot;:&quot;20&quot;,&quot;step_next_label&quot;:&quot;Successivo&quot;,&quot;step_previous_label&quot;:&quot;Precedente&quot;,&quot;button_width_mobile&quot;:&quot;20&quot;,&quot;step_type&quot;:&quot;number_text&quot;,&quot;step_icon_shape&quot;:&quot;circle&quot;}\" data-widget_type=\"form.default\">\n\t\t\t\t<div class=\"elementor-widget-container\">\n\t\t\t\t\t\t\t<form class=\"elementor-form\" method=\"post\" name=\"Modulo di contatto\" aria-label=\"Modulo di contatto\">\n\t\t\t<input type=\"hidden\" name=\"post_id\" value=\"1591\"\/>\n\t\t\t<input type=\"hidden\" name=\"form_id\" value=\"930ae4a\"\/>\n\t\t\t<input type=\"hidden\" name=\"referer_title\" value=\"Contatto &#8902; Aestheticroom Bozen\" \/>\n\n\t\t\t\t\t\t\t<input type=\"hidden\" name=\"queried_id\" value=\"1591\"\/>\n\t\t\t\n\t\t\t<div class=\"elementor-form-fields-wrapper elementor-labels-\">\n\t\t\t\t\t\t\t\t<div class=\"elementor-field-type-text elementor-field-group elementor-column elementor-field-group-name elementor-col-100 elementor-field-required\">\n\t\t\t\t\t\t\t\t\t\t\t\t<label for=\"form-field-name\" class=\"elementor-field-label elementor-screen-only\">\n\t\t\t\t\t\t\t\tNome e cognome\t\t\t\t\t\t\t<\/label>\n\t\t\t\t\t\t\t\t\t\t\t\t\t\t<input size=\"1\" type=\"text\" name=\"form_fields[name]\" id=\"form-field-name\" class=\"elementor-field elementor-size-md  elementor-field-textual\" placeholder=\"Nome e cognome*\" required=\"required\">\n\t\t\t\t\t\t\t\t\t\t\t<\/div>\n\t\t\t\t\t\t\t\t<div class=\"elementor-field-type-text\">\n\t\t\t\t\t<input size=\"1\" type=\"text\" name=\"form_fields[field_a821d69]\" id=\"form-field-field_a821d69\" class=\"elementor-field elementor-size-md \" style=\"display:none !important;\">\t\t\t\t<\/div>\n\t\t\t\t\t\t\t\t<div class=\"elementor-field-type-email elementor-field-group elementor-column elementor-field-group-email elementor-col-100 elementor-field-required\">\n\t\t\t\t\t\t\t\t\t\t\t\t<label for=\"form-field-email\" class=\"elementor-field-label elementor-screen-only\">\n\t\t\t\t\t\t\t\tEmail\t\t\t\t\t\t\t<\/label>\n\t\t\t\t\t\t\t\t\t\t\t\t\t\t<input size=\"1\" type=\"email\" name=\"form_fields[email]\" id=\"form-field-email\" class=\"elementor-field elementor-size-md  elementor-field-textual\" placeholder=\"Email*\" required=\"required\">\n\t\t\t\t\t\t\t\t\t\t\t<\/div>\n\t\t\t\t\t\t\t\t<div class=\"elementor-field-type-tel elementor-field-group elementor-column elementor-field-group-field_2dc93a6 elementor-col-100\">\n\t\t\t\t\t\t\t\t\t\t\t\t<label for=\"form-field-field_2dc93a6\" class=\"elementor-field-label elementor-screen-only\">\n\t\t\t\t\t\t\t\tNumero di telefono\t\t\t\t\t\t\t<\/label>\n\t\t\t\t\t\t\t\t<input size=\"1\" type=\"tel\" name=\"form_fields[field_2dc93a6]\" id=\"form-field-field_2dc93a6\" class=\"elementor-field elementor-size-md  elementor-field-textual\" placeholder=\"Numero di telefono\" pattern=\"[0-9()#&amp;+*-=.]+\" title=\"Sono accettati solo numeri e caratteri telefonici (#, -, *, ecc.).\">\n\n\t\t\t\t\t\t<\/div>\n\t\t\t\t\t\t\t\t<div class=\"elementor-field-type-textarea elementor-field-group elementor-column elementor-field-group-message elementor-col-100 elementor-field-required\">\n\t\t\t\t\t\t\t\t\t\t\t\t<label for=\"form-field-message\" class=\"elementor-field-label elementor-screen-only\">\n\t\t\t\t\t\t\t\tIl tuo messaggio per me\t\t\t\t\t\t\t<\/label>\n\t\t\t\t\t\t<textarea class=\"elementor-field-textual elementor-field  elementor-size-md\" name=\"form_fields[message]\" id=\"form-field-message\" rows=\"8\" placeholder=\"Il tuo messaggio per me*\" required=\"required\"><\/textarea>\t\t\t\t<\/div>\n\t\t\t\t\t\t\t\t<div class=\"elementor-field-group elementor-column elementor-field-type-submit elementor-col-20 e-form__buttons elementor-sm-20\">\n\t\t\t\t\t<button class=\"elementor-button elementor-size-sm\" type=\"submit\">\n\t\t\t\t\t\t<span class=\"elementor-button-content-wrapper\">\n\t\t\t\t\t\t\t\t\t\t\t\t\t\t\t\t\t\t\t\t\t\t<span class=\"elementor-button-text\">Invia<\/span>\n\t\t\t\t\t\t\t\t\t\t\t\t\t<\/span>\n\t\t\t\t\t<\/button>\n\t\t\t\t<\/div>\n\t\t\t<\/div>\n\t\t<\/form>\n\t\t\t\t\t\t<\/div>\n\t\t\t\t<\/div>\n\t\t\t\t\t<\/div>\n\t\t<\/div>\n\t\t\t\t\t<\/div>\n\t\t<\/section>\n\t\t\t\t<section class=\"elementor-section elementor-top-section elementor-element elementor-element-2daf5cd elementor-section-full_width elementor-section-height-default elementor-section-height-default\" data-id=\"2daf5cd\" data-element_type=\"section\" data-e-type=\"section\">\n\t\t\t\t\t\t<div class=\"elementor-container elementor-column-gap-no\">\n\t\t\t\t\t<div class=\"elementor-column elementor-col-100 elementor-top-column elementor-element elementor-element-55991d3\" data-id=\"55991d3\" data-element_type=\"column\" data-e-type=\"column\">\n\t\t\t<div class=\"elementor-widget-wrap elementor-element-populated\">\n\t\t\t\t\t\t<div class=\"elementor-element elementor-element-d430f95 elementor-widget elementor-widget-google_maps\" data-id=\"d430f95\" data-element_type=\"widget\" data-e-type=\"widget\" data-widget_type=\"google_maps.default\">\n\t\t\t\t<div class=\"elementor-widget-container\">\n\t\t\t\t\t\t\t<div class=\"elementor-custom-embed\">\n\t\t\t<iframe loading=\"lazy\"\n\t\t\t\t\tsrc=\"https:\/\/maps.google.com\/maps?q=Josef-Weingartner-Stra%C3%9Fe%2077D&#038;t=m&#038;z=16&#038;output=embed&#038;iwloc=near\"\n\t\t\t\t\ttitle=\"Josef-Weingartner-Stra\u00dfe 77D\"\n\t\t\t\t\taria-label=\"Josef-Weingartner-Stra\u00dfe 77D\"\n\t\t\t><\/iframe>\n\t\t<\/div>\n\t\t\t\t\t\t<\/div>\n\t\t\t\t<\/div>\n\t\t\t\t\t<\/div>\n\t\t<\/div>\n\t\t\t\t\t<\/div>\n\t\t<\/section>\n\t\t\t\t<\/div>\n\t\t","protected":false},"excerpt":{"rendered":"<p>Contatto Puoi inviarmi una richiesta di contatto in qualsiasi momento; risponder\u00f2 alla tua richiesta dal luned\u00ec al venerd\u00ec tra le 8:00 e le 18:00. Segui Aesthetic Room sui social media Facebook-f Instagram<\/p>\n","protected":false},"author":3,"featured_media":0,"parent":0,"menu_order":0,"comment_status":"closed","ping_status":"closed","template":"elementor_header_footer","meta":{"footnotes":""},"class_list":["post-1591","page","type-page","status-publish","hentry"],"yoast_head":"<!-- This site is optimized with the Yoast SEO plugin v27.4 - https:\/\/yoast.com\/product\/yoast-seo-wordpress\/ -->\n<title>Contatto &#8902; Aestheticroom Bozen<\/title>\n<meta name=\"robots\" content=\"index, follow, max-snippet:-1, max-image-preview:large, max-video-preview:-1\" \/>\n<link rel=\"canonical\" href=\"https:\/\/aestheticroom.it\/it\/contatti\/\" \/>\n<meta property=\"og:locale\" content=\"it_IT\" \/>\n<meta property=\"og:type\" content=\"article\" \/>\n<meta property=\"og:title\" content=\"Contatto &#8902; Aestheticroom Bozen\" \/>\n<meta property=\"og:description\" content=\"Contatto Puoi inviarmi una richiesta di contatto in qualsiasi momento; risponder\u00f2 alla tua richiesta dal luned\u00ec al venerd\u00ec tra le 8:00 e le 18:00. Segui Aesthetic Room sui social media Facebook-f Instagram\" \/>\n<meta property=\"og:url\" content=\"https:\/\/aestheticroom.it\/it\/contatti\/\" \/>\n<meta property=\"og:site_name\" content=\"Aestheticroom Bozen\" \/>\n<meta property=\"article:publisher\" content=\"https:\/\/www.facebook.com\/Dr-Dr-Evelyn-Gander-540919670168888\" \/>\n<meta property=\"article:modified_time\" content=\"2025-08-23T12:07:08+00:00\" \/>\n<meta property=\"og:image\" content=\"https:\/\/aestheticroom.it\/wp-content\/uploads\/2021\/03\/dr-dr-evelyn-gander.jpg\" \/>\n\t<meta property=\"og:image:width\" content=\"300\" \/>\n\t<meta property=\"og:image:height\" content=\"450\" \/>\n\t<meta property=\"og:image:type\" content=\"image\/jpeg\" \/>\n<meta name=\"twitter:card\" content=\"summary_large_image\" \/>\n<script type=\"application\/ld+json\" class=\"yoast-schema-graph\">{\"@context\":\"https:\\\/\\\/schema.org\",\"@graph\":[{\"@type\":\"WebPage\",\"@id\":\"https:\\\/\\\/aestheticroom.it\\\/it\\\/contatti\\\/\",\"url\":\"https:\\\/\\\/aestheticroom.it\\\/it\\\/contatti\\\/\",\"name\":\"Contatto &#8902; Aestheticroom Bozen\",\"isPartOf\":{\"@id\":\"https:\\\/\\\/aestheticroom.it\\\/#website\"},\"datePublished\":\"2021-03-17T07:21:23+00:00\",\"dateModified\":\"2025-08-23T12:07:08+00:00\",\"breadcrumb\":{\"@id\":\"https:\\\/\\\/aestheticroom.it\\\/it\\\/contatti\\\/#breadcrumb\"},\"inLanguage\":\"it-IT\",\"potentialAction\":[{\"@type\":\"ReadAction\",\"target\":[\"https:\\\/\\\/aestheticroom.it\\\/it\\\/contatti\\\/\"]}]},{\"@type\":\"BreadcrumbList\",\"@id\":\"https:\\\/\\\/aestheticroom.it\\\/it\\\/contatti\\\/#breadcrumb\",\"itemListElement\":[{\"@type\":\"ListItem\",\"position\":1,\"name\":\"Home\",\"item\":\"https:\\\/\\\/aestheticroom.it\\\/it\\\/\"},{\"@type\":\"ListItem\",\"position\":2,\"name\":\"Contatto\"}]},{\"@type\":\"WebSite\",\"@id\":\"https:\\\/\\\/aestheticroom.it\\\/#website\",\"url\":\"https:\\\/\\\/aestheticroom.it\\\/\",\"name\":\"Aestheticroom Bozen\",\"description\":\"Dr. Dr. Evelyn Gander\",\"publisher\":{\"@id\":\"https:\\\/\\\/aestheticroom.it\\\/#organization\"},\"potentialAction\":[{\"@type\":\"SearchAction\",\"target\":{\"@type\":\"EntryPoint\",\"urlTemplate\":\"https:\\\/\\\/aestheticroom.it\\\/?s={search_term_string}\"},\"query-input\":{\"@type\":\"PropertyValueSpecification\",\"valueRequired\":true,\"valueName\":\"search_term_string\"}}],\"inLanguage\":\"it-IT\"},{\"@type\":\"Organization\",\"@id\":\"https:\\\/\\\/aestheticroom.it\\\/#organization\",\"name\":\"AESTHETIC ROOM by Dr Dr Evelyn Gander\",\"url\":\"https:\\\/\\\/aestheticroom.it\\\/\",\"logo\":{\"@type\":\"ImageObject\",\"inLanguage\":\"it-IT\",\"@id\":\"https:\\\/\\\/aestheticroom.it\\\/#\\\/schema\\\/logo\\\/image\\\/\",\"url\":\"https:\\\/\\\/aestheticroom.it\\\/wp-content\\\/uploads\\\/2021\\\/03\\\/logo-aestheticroom.png\",\"contentUrl\":\"https:\\\/\\\/aestheticroom.it\\\/wp-content\\\/uploads\\\/2021\\\/03\\\/logo-aestheticroom.png\",\"width\":4469,\"height\":2483,\"caption\":\"AESTHETIC ROOM by Dr Dr Evelyn Gander\"},\"image\":{\"@id\":\"https:\\\/\\\/aestheticroom.it\\\/#\\\/schema\\\/logo\\\/image\\\/\"},\"sameAs\":[\"https:\\\/\\\/www.facebook.com\\\/Dr-Dr-Evelyn-Gander-540919670168888\"]}]}<\/script>\n<!-- \/ Yoast SEO plugin. -->","yoast_head_json":{"title":"Contatto &#8902; Aestheticroom Bozen","robots":{"index":"index","follow":"follow","max-snippet":"max-snippet:-1","max-image-preview":"max-image-preview:large","max-video-preview":"max-video-preview:-1"},"canonical":"https:\/\/aestheticroom.it\/it\/contatti\/","og_locale":"it_IT","og_type":"article","og_title":"Contatto &#8902; Aestheticroom Bozen","og_description":"Contatto Puoi inviarmi una richiesta di contatto in qualsiasi momento; risponder\u00f2 alla tua richiesta dal luned\u00ec al venerd\u00ec tra le 8:00 e le 18:00. Segui Aesthetic Room sui social media Facebook-f Instagram","og_url":"https:\/\/aestheticroom.it\/it\/contatti\/","og_site_name":"Aestheticroom Bozen","article_publisher":"https:\/\/www.facebook.com\/Dr-Dr-Evelyn-Gander-540919670168888","article_modified_time":"2025-08-23T12:07:08+00:00","og_image":[{"width":300,"height":450,"url":"https:\/\/aestheticroom.it\/wp-content\/uploads\/2021\/03\/dr-dr-evelyn-gander.jpg","type":"image\/jpeg"}],"twitter_card":"summary_large_image","schema":{"@context":"https:\/\/schema.org","@graph":[{"@type":"WebPage","@id":"https:\/\/aestheticroom.it\/it\/contatti\/","url":"https:\/\/aestheticroom.it\/it\/contatti\/","name":"Contatto &#8902; Aestheticroom Bozen","isPartOf":{"@id":"https:\/\/aestheticroom.it\/#website"},"datePublished":"2021-03-17T07:21:23+00:00","dateModified":"2025-08-23T12:07:08+00:00","breadcrumb":{"@id":"https:\/\/aestheticroom.it\/it\/contatti\/#breadcrumb"},"inLanguage":"it-IT","potentialAction":[{"@type":"ReadAction","target":["https:\/\/aestheticroom.it\/it\/contatti\/"]}]},{"@type":"BreadcrumbList","@id":"https:\/\/aestheticroom.it\/it\/contatti\/#breadcrumb","itemListElement":[{"@type":"ListItem","position":1,"name":"Home","item":"https:\/\/aestheticroom.it\/it\/"},{"@type":"ListItem","position":2,"name":"Contatto"}]},{"@type":"WebSite","@id":"https:\/\/aestheticroom.it\/#website","url":"https:\/\/aestheticroom.it\/","name":"Aestheticroom Bozen","description":"Dr. Dr. Evelyn Gander","publisher":{"@id":"https:\/\/aestheticroom.it\/#organization"},"potentialAction":[{"@type":"SearchAction","target":{"@type":"EntryPoint","urlTemplate":"https:\/\/aestheticroom.it\/?s={search_term_string}"},"query-input":{"@type":"PropertyValueSpecification","valueRequired":true,"valueName":"search_term_string"}}],"inLanguage":"it-IT"},{"@type":"Organization","@id":"https:\/\/aestheticroom.it\/#organization","name":"AESTHETIC ROOM by Dr Dr Evelyn Gander","url":"https:\/\/aestheticroom.it\/","logo":{"@type":"ImageObject","inLanguage":"it-IT","@id":"https:\/\/aestheticroom.it\/#\/schema\/logo\/image\/","url":"https:\/\/aestheticroom.it\/wp-content\/uploads\/2021\/03\/logo-aestheticroom.png","contentUrl":"https:\/\/aestheticroom.it\/wp-content\/uploads\/2021\/03\/logo-aestheticroom.png","width":4469,"height":2483,"caption":"AESTHETIC ROOM by Dr Dr Evelyn Gander"},"image":{"@id":"https:\/\/aestheticroom.it\/#\/schema\/logo\/image\/"},"sameAs":["https:\/\/www.facebook.com\/Dr-Dr-Evelyn-Gander-540919670168888"]}]}},"_links":{"self":[{"href":"https:\/\/aestheticroom.it\/it\/wp-json\/wp\/v2\/pages\/1591","targetHints":{"allow":["GET"]}}],"collection":[{"href":"https:\/\/aestheticroom.it\/it\/wp-json\/wp\/v2\/pages"}],"about":[{"href":"https:\/\/aestheticroom.it\/it\/wp-json\/wp\/v2\/types\/page"}],"author":[{"embeddable":true,"href":"https:\/\/aestheticroom.it\/it\/wp-json\/wp\/v2\/users\/3"}],"replies":[{"embeddable":true,"href":"https:\/\/aestheticroom.it\/it\/wp-json\/wp\/v2\/comments?post=1591"}],"version-history":[{"count":3,"href":"https:\/\/aestheticroom.it\/it\/wp-json\/wp\/v2\/pages\/1591\/revisions"}],"predecessor-version":[{"id":1685,"href":"https:\/\/aestheticroom.it\/it\/wp-json\/wp\/v2\/pages\/1591\/revisions\/1685"}],"wp:attachment":[{"href":"https:\/\/aestheticroom.it\/it\/wp-json\/wp\/v2\/media?parent=1591"}],"curies":[{"name":"wp","href":"https:\/\/api.w.org\/{rel}","templated":true}]}}