{"id":1643,"date":"2021-03-17T08:37:16","date_gmt":"2021-03-17T07:37:16","guid":{"rendered":"https:\/\/aestheticroom.it\/normativa-sui-cookie-ue\/"},"modified":"2025-08-21T14:11:26","modified_gmt":"2025-08-21T12:11:26","slug":"normativa-sui-cookie-ue","status":"publish","type":"page","link":"https:\/\/aestheticroom.it\/it\/normativa-sui-cookie-ue\/","title":{"rendered":"Normativa sui cookie (UE)"},"content":{"rendered":"\t\t<div data-elementor-type=\"wp-page\" data-elementor-id=\"1643\" class=\"elementor elementor-1643 elementor-168\" data-elementor-post-type=\"page\">\n\t\t\t\t\t\t<section class=\"elementor-section elementor-top-section elementor-element elementor-element-8404e90 elementor-section-boxed elementor-section-height-default elementor-section-height-default\" data-id=\"8404e90\" data-element_type=\"section\" data-e-type=\"section\" data-settings=\"{&quot;background_background&quot;:&quot;classic&quot;}\">\n\t\t\t\t\t\t<div class=\"elementor-container elementor-column-gap-no\">\n\t\t\t\t\t<div class=\"elementor-column elementor-col-100 elementor-top-column elementor-element elementor-element-4ef63a8\" data-id=\"4ef63a8\" data-element_type=\"column\" data-e-type=\"column\">\n\t\t\t<div class=\"elementor-widget-wrap elementor-element-populated\">\n\t\t\t\t\t\t<div class=\"elementor-element elementor-element-bf703ae elementor-widget elementor-widget-breadcrumbs\" data-id=\"bf703ae\" data-element_type=\"widget\" data-e-type=\"widget\" data-widget_type=\"breadcrumbs.default\">\n\t\t\t\t<div class=\"elementor-widget-container\">\n\t\t\t\t\t<p id=\"breadcrumbs\"><span><span><a href=\"https:\/\/aestheticroom.it\/it\/\">Home<\/a><\/span><\/span><\/p>\t\t\t\t<\/div>\n\t\t\t\t<\/div>\n\t\t\t\t\t<\/div>\n\t\t<\/div>\n\t\t\t\t\t<\/div>\n\t\t<\/section>\n\t\t\t\t<section class=\"elementor-section elementor-top-section elementor-element elementor-element-e441575 elementor-section-boxed elementor-section-height-default elementor-section-height-default\" data-id=\"e441575\" data-element_type=\"section\" data-e-type=\"section\">\n\t\t\t\t\t\t<div class=\"elementor-container elementor-column-gap-no\">\n\t\t\t\t\t<div class=\"elementor-column elementor-col-100 elementor-top-column elementor-element elementor-element-1d8f781\" data-id=\"1d8f781\" data-element_type=\"column\" data-e-type=\"column\">\n\t\t\t<div class=\"elementor-widget-wrap elementor-element-populated\">\n\t\t\t\t\t\t<div class=\"elementor-element elementor-element-aeb2baa elementor-widget elementor-widget-heading\" data-id=\"aeb2baa\" data-element_type=\"widget\" data-e-type=\"widget\" data-widget_type=\"heading.default\">\n\t\t\t\t<div class=\"elementor-widget-container\">\n\t\t\t\t\t<h1 class=\"elementor-heading-title elementor-size-default\">Normativa sui cookie (UE)<\/h1>\t\t\t\t<\/div>\n\t\t\t\t<\/div>\n\t\t\t\t<div class=\"elementor-element elementor-element-6ebaf07 elementor-widget elementor-widget-text-editor\" data-id=\"6ebaf07\" data-element_type=\"widget\" data-e-type=\"widget\" data-widget_type=\"text-editor.default\">\n\t\t\t\t<div class=\"elementor-widget-container\">\n\t\t\t\t\t\t\t\t\t<p><i class=\"\">Questa dichiarazione sui cookie \u00e8 stata aggiornata l&#8217;ultima volta il 24 febbraio 2021 e si applica ai cittadini dello Spazio Economico Europeo.<\/i><\/p><p> <\/p><h3>1. Introduzione<\/h3><p>Il nostro sito web, https:\/\/aestheticroom.it (di seguito: \u201cIl Sito\u201d) utilizza cookie e tecnologie simili (per semplicit\u00e0, tutti questi sono raggruppati sotto \u201cCookie\u201d). I cookie sono inoltre inseriti da terze parti da noi incaricate. Nel documento sottostante, vi informiamo sull&#8217;uso dei cookie sul nostro sito web.  <\/p><p> <\/p><h3>2. Cosa sono i cookie?<\/h3><p>Il nostro sito web, https:\/\/aestheticroom.it (di seguito: \u201cIl Sito\u201d) utilizza cookie e tecnologie simili (per semplicit\u00e0, tutti questi sono raggruppati sotto \u201cCookie\u201d). I cookie sono inoltre inseriti da terze parti da noi incaricate. Nel documento sottostante, vi informiamo sull&#8217;uso dei cookie sul nostro sito web.  <\/p><p> <\/p><h3>3. Cosa sono gli script?<\/h3><p>Uno script \u00e8 una parte del codice di programma con cui il nostro sito web funziona correttamente e in modo interattivo. Questo codice viene eseguito sul nostro server o sul vostro dispositivo. <\/p><p> <\/p><h3>4. Cos&#8217;\u00e8 un web beacon?<\/h3><p>Un web beacon (chiamato anche pixel tag) \u00e8 un piccolo frammento di testo invisibile o un&#8217;immagine su un sito web che viene utilizzato per monitorare il traffico sul sito web. Per consentire ci\u00f2, diversi vostri dati vengono memorizzati tramite web beacon. <\/p><p> <\/p><h3>5. Cookie<\/h3><p> <\/p><p><strong>5.1 Cookie tecnici o funzionali<\/strong><\/p><p> <\/p><p>Alcuni cookie assicurano che parti del nostro sito web funzionino correttamente e che le vostre preferenze utente rimangano note. Inserendo i cookie funzionali, vi rendiamo pi\u00f9 facile visitare il nostro sito web. In questo modo, quando visitate il nostro sito web, non dovete inserire ripetutamente le stesse informazioni, o i vostri articoli rimangono, ad esempio, nel vostro carrello finch\u00e9 non pagate. Possiamo inserire questi cookie senza il vostro consenso.   <\/p><p> <\/p><p><strong>5.2 Cookie analitici<\/strong><\/p><p> <\/p><p>Utilizziamo cookie analitici per ottimizzare l&#8217;esperienza del sito web per i nostri utenti. Con questi cookie analitici otteniamo informazioni sull&#8217;utilizzo del nostro sito web. Chiediamo il vostro permesso per impostare i cookie analitici.  <\/p><p> <\/p><p><strong>5.3 Cookie pubblicitari<\/strong><\/p><p> <\/p><p>Su questo sito web utilizziamo cookie pubblicitari che ci consentono di personalizzare la pubblicit\u00e0 per voi e noi (nonch\u00e9 terze parti) otteniamo informazioni sui risultati delle campagne. Ci\u00f2 avviene sulla base dei profili che abbiamo creato in base al vostro comportamento di clic e navigazione su e fuori da <a href=\"https:\/\/aestheticroom.it\/it\/\">https:\/\/aestheticroom.it<\/a>. Con questi cookie, voi come visitatori del sito siete legati a un ID unico, in modo che, ad esempio, non vi venga mostrata la stessa pubblicit\u00e0 pi\u00f9 volte.  <\/p><p> <\/p><p><strong>5.4 Cookie di marketing \/ tracciamento<\/strong><\/p><p> <\/p><p>I cookie di marketing \/ tracciamento sono cookie o un&#8217;altra forma di archiviazione locale che vengono utilizzati per creare profili utente al fine di mostrare pubblicit\u00e0 o tracciare l&#8217;utente su questo sito web o su pi\u00f9 siti web per scopi di marketing simili.<\/p><p>Poich\u00e9 questi cookie sono contrassegnati come cookie di tracciamento, abbiamo bisogno del vostro consenso per inserirli.<\/p><p> <\/p><p><strong>5.5 Pulsanti dei social media<\/strong><\/p><p> <\/p><p>Sul nostro sito web abbiamo incluso pulsanti per Facebook, WhatsApp e Instagram per supportare pagine web (ad es. \u201cMi piace\u201d, \u201cAggiungi\u201d) o condivisioni (ad es. \u201cTweet\u201d) sui social network come Facebook, WhatsApp e Instagram. Questi pulsanti utilizzano un codice che proviene da Facebook, WhatsApp e Instagram stessi. Questo codice inserisce i cookie. Questi pulsanti dei social media possono anche memorizzare ed elaborare determinate informazioni, in modo che vi possa essere mostrata pubblicit\u00e0 personalizzata.   <\/p><p>Si prega di leggere l&#8217;informativa sulla privacy di questi social network (che pu\u00f2 cambiare regolarmente) per sapere come gestiscono i vostri dati (personali) che elaborano con l&#8217;aiuto di questi cookie. I dati recuperati vengono anonimizzati il pi\u00f9 possibile. Facebook, WhatsApp e Instagram si trovano negli Stati Uniti.  <\/p><p> <\/p><h3>6. Consenso<\/h3><p> <\/p><p>Quando visitate il nostro sito web per la prima volta, vi mostriamo un popup con una spiegazione sui cookie. Una volta cliccato su \u201cSalva impostazioni\u201d, acconsentite all&#8217;utilizzo delle categorie di cookie e plug-in che avete selezionato nel popup, come descritto in questa dichiarazione sui cookie. Potete disattivare l&#8217;uso dei cookie tramite il vostro browser, ma vi preghiamo di notare che in tal caso il nostro sito web potrebbe non funzionare correttamente.  <\/p><p> <\/p><p><strong>6.1 Gestisci le tue impostazioni di consenso<\/strong><\/p><ul><li><label for=\"cmplz_functional_document\"><span class=\"cc-category\">Funzionali<\/span><\/label><\/li><li><label for=\"cmplz_stats_document\"><span class=\"cc-category\">Statistiche<\/span><\/label><\/li><li><label for=\"cmplz_marketing_document\"><span class=\"cc-category\">Marketing<\/span><\/label><\/li><\/ul><p> <\/p><h3>7. I vostri diritti in relazione ai dati personali<\/h3><p> <\/p><p>Avete i seguenti diritti in relazione ai vostri dati personali:<\/p><p> <\/p><ul><li>Avete il diritto di sapere perch\u00e9 i vostri dati personali sono necessari, cosa succede loro e per quanto tempo vengono conservati.<\/li><li>Diritto di accesso: Avete il diritto di accedere ai vostri dati personali a noi noti.<\/li><li>Diritto di rettifica: Avete il diritto, ogni volta che lo desiderate, di integrare, correggere, cancellare o bloccare i vostri dati personali.<\/li><li>Se ci avete dato il vostro consenso al trattamento dei vostri dati, avete il diritto di revocare tale consenso e di far cancellare i vostri dati personali.<\/li><li>Diritto alla portabilit\u00e0 dei vostri dati: Avete il diritto di richiedere tutti i vostri dati personali a un titolare del trattamento e di trasferirli nella loro interezza a un altro titolare del trattamento.<\/li><li>Diritto di opposizione: Potete opporvi al trattamento dei vostri dati. Ci conformiamo a ci\u00f2, a meno che non ci siano motivi legittimi per il trattamento. <\/li><\/ul><p> <\/p><p>Per esercitare questi diritti, vi preghiamo di contattarci. Si prega di fare riferimento ai dati di contatto alla fine di questa dichiarazione sui cookie. Se avete un reclamo su come gestiamo i vostri dati, saremmo lieti di sentirvi, ma avete anche il diritto di presentare un reclamo all&#8217;autorit\u00e0 di vigilanza (l&#8217;autorit\u00e0 per la protezione dei dati).  <\/p><p> <\/p><p> <\/p><h3>8. Attivazione\/Disattivazione ed eliminazione dei cookie<\/h3><p>Potete utilizzare il vostro browser internet per eliminare i cookie automaticamente o manualmente. Potete anche specificare se i cookie specifici non devono essere inseriti. Un&#8217;altra possibilit\u00e0 \u00e8 quella di configurare il vostro browser internet in modo da essere avvisati ogni volta che viene inserito un cookie. Per ulteriori informazioni su queste possibilit\u00e0, consultate le istruzioni nella sezione di aiuto del vostro browser.   <\/p><p>Si prega di notare che il nostro sito web potrebbe non funzionare correttamente se tutti i cookie sono disattivati. Se eliminate i cookie nel vostro browser, questi verranno nuovamente inseriti quando visiterete di nuovo il nostro sito web. <\/p><p> <\/p><h3>9. Dati di contatto<\/h3><p>Per domande e\/o commenti sulla nostra informativa sui cookie e su questa dichiarazione, vi preghiamo di contattarci tramite i seguenti dati di contatto:<\/p><p>Evelyn Gander<br>Marktstra\u00dfe 38<br>88212 Ravensburg<br>Germania<br>Sito web: <a href=\"https:\/\/aestheticroom.it\/it\/\">https:\/\/aestheticroom.it<\/a><br>E-mail: <a href=\"mailto:post@aestheticroom-rv.de\">post@aestheticroom-rv.de<\/a><br>Numero di telefono: 01723597112<\/p><p>Per ottenere funzionalit\u00e0 aggiornate, questa informativa sui cookie \u00e8 stata confrontata con \u201c<a href=\"https:\/\/cookiedatabase.org\/\" target=\"_blank\" rel=\"noopener\">cookiedatabase.org<\/a>\u201d il 17 agosto 2020<\/p><p> <\/p>\t\t\t\t\t\t\t\t<\/div>\n\t\t\t\t<\/div>\n\t\t\t\t\t<\/div>\n\t\t<\/div>\n\t\t\t\t\t<\/div>\n\t\t<\/section>\n\t\t\t\t<\/div>\n\t\t","protected":false},"excerpt":{"rendered":"<p>Normativa sui cookie (UE) Questa dichiarazione sui cookie \u00e8 stata aggiornata l&#8217;ultima volta il 24 febbraio 2021 e si applica ai cittadini dello Spazio Economico Europeo. 1. Introduzione Il nostro sito web, https:\/\/aestheticroom.it (di seguito: \u201cIl Sito\u201d) utilizza cookie e tecnologie simili (per semplicit\u00e0, tutti questi sono raggruppati sotto \u201cCookie\u201d). I cookie sono inoltre inseriti [&hellip;]<\/p>\n","protected":false},"author":3,"featured_media":0,"parent":0,"menu_order":0,"comment_status":"closed","ping_status":"closed","template":"","meta":{"footnotes":""},"class_list":["post-1643","page","type-page","status-publish","hentry"],"yoast_head":"<!-- This site is optimized with the Yoast SEO plugin v27.4 - https:\/\/yoast.com\/product\/yoast-seo-wordpress\/ -->\n<title>Normativa sui cookie (UE) &#8902; Aestheticroom Bozen<\/title>\n<meta name=\"robots\" content=\"index, follow, max-snippet:-1, max-image-preview:large, max-video-preview:-1\" \/>\n<link rel=\"canonical\" href=\"https:\/\/aestheticroom.it\/it\/normativa-sui-cookie-ue\/\" \/>\n<meta property=\"og:locale\" content=\"it_IT\" \/>\n<meta property=\"og:type\" content=\"article\" \/>\n<meta property=\"og:title\" content=\"Normativa sui cookie (UE) &#8902; Aestheticroom Bozen\" \/>\n<meta property=\"og:description\" content=\"Normativa sui cookie (UE) Questa dichiarazione sui cookie \u00e8 stata aggiornata l&#8217;ultima volta il 24 febbraio 2021 e si applica ai cittadini dello Spazio Economico Europeo. 1. Introduzione Il nostro sito web, https:\/\/aestheticroom.it (di seguito: \u201cIl Sito\u201d) utilizza cookie e tecnologie simili (per semplicit\u00e0, tutti questi sono raggruppati sotto \u201cCookie\u201d). I cookie sono inoltre inseriti [&hellip;]\" \/>\n<meta property=\"og:url\" content=\"https:\/\/aestheticroom.it\/it\/normativa-sui-cookie-ue\/\" \/>\n<meta property=\"og:site_name\" content=\"Aestheticroom Bozen\" \/>\n<meta property=\"article:publisher\" content=\"https:\/\/www.facebook.com\/Dr-Dr-Evelyn-Gander-540919670168888\" \/>\n<meta property=\"article:modified_time\" content=\"2025-08-21T12:11:26+00:00\" \/>\n<meta property=\"og:image\" content=\"https:\/\/aestheticroom.it\/wp-content\/uploads\/2021\/03\/dr-dr-evelyn-gander.jpg\" \/>\n\t<meta property=\"og:image:width\" content=\"300\" \/>\n\t<meta property=\"og:image:height\" content=\"450\" \/>\n\t<meta property=\"og:image:type\" content=\"image\/jpeg\" \/>\n<meta name=\"twitter:card\" content=\"summary_large_image\" \/>\n<meta name=\"twitter:label1\" content=\"Tempo di lettura stimato\" \/>\n\t<meta name=\"twitter:data1\" content=\"5 minuti\" \/>\n<script type=\"application\/ld+json\" class=\"yoast-schema-graph\">{\"@context\":\"https:\\\/\\\/schema.org\",\"@graph\":[{\"@type\":\"WebPage\",\"@id\":\"https:\\\/\\\/aestheticroom.it\\\/it\\\/normativa-sui-cookie-ue\\\/\",\"url\":\"https:\\\/\\\/aestheticroom.it\\\/it\\\/normativa-sui-cookie-ue\\\/\",\"name\":\"Normativa sui cookie (UE) &#8902; Aestheticroom Bozen\",\"isPartOf\":{\"@id\":\"https:\\\/\\\/aestheticroom.it\\\/#website\"},\"datePublished\":\"2021-03-17T07:37:16+00:00\",\"dateModified\":\"2025-08-21T12:11:26+00:00\",\"breadcrumb\":{\"@id\":\"https:\\\/\\\/aestheticroom.it\\\/it\\\/normativa-sui-cookie-ue\\\/#breadcrumb\"},\"inLanguage\":\"it-IT\",\"potentialAction\":[{\"@type\":\"ReadAction\",\"target\":[\"https:\\\/\\\/aestheticroom.it\\\/it\\\/normativa-sui-cookie-ue\\\/\"]}]},{\"@type\":\"BreadcrumbList\",\"@id\":\"https:\\\/\\\/aestheticroom.it\\\/it\\\/normativa-sui-cookie-ue\\\/#breadcrumb\",\"itemListElement\":[{\"@type\":\"ListItem\",\"position\":1,\"name\":\"Home\",\"item\":\"https:\\\/\\\/aestheticroom.it\\\/it\\\/\"},{\"@type\":\"ListItem\",\"position\":2,\"name\":\"Normativa sui cookie (UE)\"}]},{\"@type\":\"WebSite\",\"@id\":\"https:\\\/\\\/aestheticroom.it\\\/#website\",\"url\":\"https:\\\/\\\/aestheticroom.it\\\/\",\"name\":\"Aestheticroom Bozen\",\"description\":\"Dr. Dr. Evelyn Gander\",\"publisher\":{\"@id\":\"https:\\\/\\\/aestheticroom.it\\\/#organization\"},\"potentialAction\":[{\"@type\":\"SearchAction\",\"target\":{\"@type\":\"EntryPoint\",\"urlTemplate\":\"https:\\\/\\\/aestheticroom.it\\\/?s={search_term_string}\"},\"query-input\":{\"@type\":\"PropertyValueSpecification\",\"valueRequired\":true,\"valueName\":\"search_term_string\"}}],\"inLanguage\":\"it-IT\"},{\"@type\":\"Organization\",\"@id\":\"https:\\\/\\\/aestheticroom.it\\\/#organization\",\"name\":\"AESTHETIC ROOM by Dr Dr Evelyn Gander\",\"url\":\"https:\\\/\\\/aestheticroom.it\\\/\",\"logo\":{\"@type\":\"ImageObject\",\"inLanguage\":\"it-IT\",\"@id\":\"https:\\\/\\\/aestheticroom.it\\\/#\\\/schema\\\/logo\\\/image\\\/\",\"url\":\"https:\\\/\\\/aestheticroom.it\\\/wp-content\\\/uploads\\\/2021\\\/03\\\/logo-aestheticroom.png\",\"contentUrl\":\"https:\\\/\\\/aestheticroom.it\\\/wp-content\\\/uploads\\\/2021\\\/03\\\/logo-aestheticroom.png\",\"width\":4469,\"height\":2483,\"caption\":\"AESTHETIC ROOM by Dr Dr Evelyn Gander\"},\"image\":{\"@id\":\"https:\\\/\\\/aestheticroom.it\\\/#\\\/schema\\\/logo\\\/image\\\/\"},\"sameAs\":[\"https:\\\/\\\/www.facebook.com\\\/Dr-Dr-Evelyn-Gander-540919670168888\"]}]}<\/script>\n<!-- \/ Yoast SEO plugin. -->","yoast_head_json":{"title":"Normativa sui cookie (UE) &#8902; Aestheticroom Bozen","robots":{"index":"index","follow":"follow","max-snippet":"max-snippet:-1","max-image-preview":"max-image-preview:large","max-video-preview":"max-video-preview:-1"},"canonical":"https:\/\/aestheticroom.it\/it\/normativa-sui-cookie-ue\/","og_locale":"it_IT","og_type":"article","og_title":"Normativa sui cookie (UE) &#8902; Aestheticroom Bozen","og_description":"Normativa sui cookie (UE) Questa dichiarazione sui cookie \u00e8 stata aggiornata l&#8217;ultima volta il 24 febbraio 2021 e si applica ai cittadini dello Spazio Economico Europeo. 1. Introduzione Il nostro sito web, https:\/\/aestheticroom.it (di seguito: \u201cIl Sito\u201d) utilizza cookie e tecnologie simili (per semplicit\u00e0, tutti questi sono raggruppati sotto \u201cCookie\u201d). I cookie sono inoltre inseriti [&hellip;]","og_url":"https:\/\/aestheticroom.it\/it\/normativa-sui-cookie-ue\/","og_site_name":"Aestheticroom Bozen","article_publisher":"https:\/\/www.facebook.com\/Dr-Dr-Evelyn-Gander-540919670168888","article_modified_time":"2025-08-21T12:11:26+00:00","og_image":[{"width":300,"height":450,"url":"https:\/\/aestheticroom.it\/wp-content\/uploads\/2021\/03\/dr-dr-evelyn-gander.jpg","type":"image\/jpeg"}],"twitter_card":"summary_large_image","twitter_misc":{"Tempo di lettura stimato":"5 minuti"},"schema":{"@context":"https:\/\/schema.org","@graph":[{"@type":"WebPage","@id":"https:\/\/aestheticroom.it\/it\/normativa-sui-cookie-ue\/","url":"https:\/\/aestheticroom.it\/it\/normativa-sui-cookie-ue\/","name":"Normativa sui cookie (UE) &#8902; Aestheticroom Bozen","isPartOf":{"@id":"https:\/\/aestheticroom.it\/#website"},"datePublished":"2021-03-17T07:37:16+00:00","dateModified":"2025-08-21T12:11:26+00:00","breadcrumb":{"@id":"https:\/\/aestheticroom.it\/it\/normativa-sui-cookie-ue\/#breadcrumb"},"inLanguage":"it-IT","potentialAction":[{"@type":"ReadAction","target":["https:\/\/aestheticroom.it\/it\/normativa-sui-cookie-ue\/"]}]},{"@type":"BreadcrumbList","@id":"https:\/\/aestheticroom.it\/it\/normativa-sui-cookie-ue\/#breadcrumb","itemListElement":[{"@type":"ListItem","position":1,"name":"Home","item":"https:\/\/aestheticroom.it\/it\/"},{"@type":"ListItem","position":2,"name":"Normativa sui cookie (UE)"}]},{"@type":"WebSite","@id":"https:\/\/aestheticroom.it\/#website","url":"https:\/\/aestheticroom.it\/","name":"Aestheticroom Bozen","description":"Dr. Dr. Evelyn Gander","publisher":{"@id":"https:\/\/aestheticroom.it\/#organization"},"potentialAction":[{"@type":"SearchAction","target":{"@type":"EntryPoint","urlTemplate":"https:\/\/aestheticroom.it\/?s={search_term_string}"},"query-input":{"@type":"PropertyValueSpecification","valueRequired":true,"valueName":"search_term_string"}}],"inLanguage":"it-IT"},{"@type":"Organization","@id":"https:\/\/aestheticroom.it\/#organization","name":"AESTHETIC ROOM by Dr Dr Evelyn Gander","url":"https:\/\/aestheticroom.it\/","logo":{"@type":"ImageObject","inLanguage":"it-IT","@id":"https:\/\/aestheticroom.it\/#\/schema\/logo\/image\/","url":"https:\/\/aestheticroom.it\/wp-content\/uploads\/2021\/03\/logo-aestheticroom.png","contentUrl":"https:\/\/aestheticroom.it\/wp-content\/uploads\/2021\/03\/logo-aestheticroom.png","width":4469,"height":2483,"caption":"AESTHETIC ROOM by Dr Dr Evelyn Gander"},"image":{"@id":"https:\/\/aestheticroom.it\/#\/schema\/logo\/image\/"},"sameAs":["https:\/\/www.facebook.com\/Dr-Dr-Evelyn-Gander-540919670168888"]}]}},"_links":{"self":[{"href":"https:\/\/aestheticroom.it\/it\/wp-json\/wp\/v2\/pages\/1643","targetHints":{"allow":["GET"]}}],"collection":[{"href":"https:\/\/aestheticroom.it\/it\/wp-json\/wp\/v2\/pages"}],"about":[{"href":"https:\/\/aestheticroom.it\/it\/wp-json\/wp\/v2\/types\/page"}],"author":[{"embeddable":true,"href":"https:\/\/aestheticroom.it\/it\/wp-json\/wp\/v2\/users\/3"}],"replies":[{"embeddable":true,"href":"https:\/\/aestheticroom.it\/it\/wp-json\/wp\/v2\/comments?post=1643"}],"version-history":[{"count":1,"href":"https:\/\/aestheticroom.it\/it\/wp-json\/wp\/v2\/pages\/1643\/revisions"}],"predecessor-version":[{"id":1644,"href":"https:\/\/aestheticroom.it\/it\/wp-json\/wp\/v2\/pages\/1643\/revisions\/1644"}],"wp:attachment":[{"href":"https:\/\/aestheticroom.it\/it\/wp-json\/wp\/v2\/media?parent=1643"}],"curies":[{"name":"wp","href":"https:\/\/api.w.org\/{rel}","templated":true}]}}